{"id":412,"date":"2022-09-04T20:33:49","date_gmt":"2022-09-04T18:33:49","guid":{"rendered":"http:\/\/vitness.fr\/?page_id=412"},"modified":"2025-09-10T10:36:46","modified_gmt":"2025-09-10T08:36:46","slug":"mon-inscription","status":"publish","type":"page","link":"https:\/\/vitness.fr\/index.php\/mon-inscription\/","title":{"rendered":"INSCRIPTION"},"content":{"rendered":"\n<p><strong><mark style=\"background-color:rgba(0, 0, 0, 0)\" class=\"has-inline-color has-vivid-purple-color\"><mark style=\"background-color:rgba(0, 0, 0, 0)\" class=\"has-inline-color has-vivid-purple-color\"><strong>Nous vous rappelons que les cours sont nominatifs et r\u00e9serv\u00e9s de septembre \u00e0 juin pour une p\u00e9riode de trente-six semaines, hors vacances scolaires. En cons\u00e9quence, les cours ne pourront \u00eatre rattrap\u00e9s sur d\u2019autres cr\u00e9neaux en raison des indisponibilit\u00e9s des participants. Merci de nous communiquer par mail \u00e0 vofitness@orange.fr le ou les cours choisis en fonction de l\u2019abonnement souscrit. Par ailleurs, le questionnaire de sant\u00e9 ainsi que l\u2019attestation devront \u00eatre compl\u00e9t\u00e9s uniquement en cas de renouvellement d\u2019adh\u00e9sion et t\u00e9l\u00e9charg\u00e9s, en remplacement du certificat m\u00e9dical, sur la plateforme HELLOASSO.<\/strong><\/mark><\/mark><\/strong><\/p>\n\n\n<div class=\"wp-block-image\">\n<figure class=\"aligncenter size-large is-resized\"><img fetchpriority=\"high\" decoding=\"async\" width=\"1024\" height=\"426\" src=\"https:\/\/vitness.fr\/wp-content\/uploads\/2021\/06\/logo-HS-et-CS-1024x426.png\" alt=\"\" class=\"wp-image-116\" style=\"width:382px;height:auto\" srcset=\"https:\/\/vitness.fr\/wp-content\/uploads\/2021\/06\/logo-HS-et-CS-1024x426.png 1024w, https:\/\/vitness.fr\/wp-content\/uploads\/2021\/06\/logo-HS-et-CS-300x125.png 300w, https:\/\/vitness.fr\/wp-content\/uploads\/2021\/06\/logo-HS-et-CS-768x320.png 768w, https:\/\/vitness.fr\/wp-content\/uploads\/2021\/06\/logo-HS-et-CS-144x60.png 144w, https:\/\/vitness.fr\/wp-content\/uploads\/2021\/06\/logo-HS-et-CS.png 1074w\" sizes=\"(max-width: 1024px) 100vw, 1024px\" \/><\/figure>\n<\/div>\n\n\n<p><\/p>\n","protected":false},"excerpt":{"rendered":"<p>Nous vous rappelons que les cours sont nominatifs et r\u00e9serv\u00e9s de septembre \u00e0 juin pour une p\u00e9riode de trente-six semaines, hors vacances scolaires. En cons\u00e9quence, les cours ne pourront \u00eatre rattrap\u00e9s sur d\u2019autres cr\u00e9neaux en raison des indisponibilit\u00e9s des participants. Merci de nous communiquer par&hellip;<\/p>\n","protected":false},"author":1,"featured_media":0,"parent":0,"menu_order":0,"comment_status":"closed","ping_status":"closed","template":"","meta":{"footnotes":""},"class_list":["post-412","page","type-page","status-publish","hentry"],"jetpack_sharing_enabled":true,"_links":{"self":[{"href":"https:\/\/vitness.fr\/index.php\/wp-json\/wp\/v2\/pages\/412","targetHints":{"allow":["GET"]}}],"collection":[{"href":"https:\/\/vitness.fr\/index.php\/wp-json\/wp\/v2\/pages"}],"about":[{"href":"https:\/\/vitness.fr\/index.php\/wp-json\/wp\/v2\/types\/page"}],"author":[{"embeddable":true,"href":"https:\/\/vitness.fr\/index.php\/wp-json\/wp\/v2\/users\/1"}],"replies":[{"embeddable":true,"href":"https:\/\/vitness.fr\/index.php\/wp-json\/wp\/v2\/comments?post=412"}],"version-history":[{"count":36,"href":"https:\/\/vitness.fr\/index.php\/wp-json\/wp\/v2\/pages\/412\/revisions"}],"predecessor-version":[{"id":808,"href":"https:\/\/vitness.fr\/index.php\/wp-json\/wp\/v2\/pages\/412\/revisions\/808"}],"wp:attachment":[{"href":"https:\/\/vitness.fr\/index.php\/wp-json\/wp\/v2\/media?parent=412"}],"curies":[{"name":"wp","href":"https:\/\/api.w.org\/{rel}","templated":true}]}}